{"id":8,"date":"2021-07-09T10:41:39","date_gmt":"2021-07-09T10:41:39","guid":{"rendered":"https:\/\/bridge460.qodeinteractive.com\/?page_id=8"},"modified":"2026-02-24T17:49:54","modified_gmt":"2026-02-24T17:49:54","slug":"inicio","status":"publish","type":"page","link":"https:\/\/madeiraskyrunning.com\/en\/","title":{"rendered":"Home"},"content":{"rendered":"","protected":false},"excerpt":{"rendered":"","protected":false},"author":2,"featured_media":0,"parent":0,"menu_order":1,"comment_status":"closed","ping_status":"closed","template":"","meta":{"footnotes":""},"class_list":["post-8","page","type-page","status-publish","hentry"],"yoast_head":"<!-- This site is optimized with the Yoast SEO plugin v25.6 - https:\/\/yoast.com\/wordpress\/plugins\/seo\/ -->\n<title>In\u00edcio - Ultra Skyrunning Madeira<\/title>\n<meta name=\"description\" content=\"O Ultra Skyrunning Madeira \u00e9 um evento constitu\u00eddo por cinco provas, de onde se destaca a Madeira Sky Race que em 2016 atingiu o patamar m\u00e1ximo do Skyrunning mundial, integrando o Skyrunner\u00ae World Series da ISF \u2013 International Skyrunning Federation.\" \/>\n<meta name=\"robots\" content=\"index, follow, max-snippet:-1, max-image-preview:large, max-video-preview:-1\" \/>\n<link rel=\"canonical\" href=\"https:\/\/madeiraskyrunning.com\/en\/\" \/>\n<meta property=\"og:locale\" content=\"en_GB\" \/>\n<meta property=\"og:type\" content=\"article\" \/>\n<meta property=\"og:title\" content=\"In\u00edcio - Ultra Skyrunning Madeira\" \/>\n<meta property=\"og:description\" content=\"O Ultra Skyrunning Madeira \u00e9 um evento constitu\u00eddo por cinco provas, de onde se destaca a Madeira Sky Race que em 2016 atingiu o patamar m\u00e1ximo do Skyrunning mundial, integrando o Skyrunner\u00ae World Series da ISF \u2013 International Skyrunning Federation.\" \/>\n<meta property=\"og:url\" content=\"https:\/\/madeiraskyrunning.com\/en\/\" \/>\n<meta property=\"og:site_name\" content=\"USM\" \/>\n<meta property=\"article:modified_time\" content=\"2026-02-24T17:49:54+00:00\" \/>\n<meta name=\"twitter:card\" content=\"summary_large_image\" \/>\n<meta name=\"twitter:label1\" content=\"Estimated reading time\" \/>\n\t<meta name=\"twitter:data1\" content=\"16 minutes\" \/>\n<script type=\"application\/ld+json\" class=\"yoast-schema-graph\">{\"@context\":\"https:\/\/schema.org\",\"@graph\":[{\"@type\":\"WebPage\",\"@id\":\"https:\/\/madeiraskyrunning.com\/\",\"url\":\"https:\/\/madeiraskyrunning.com\/\",\"name\":\"In\u00edcio - Ultra Skyrunning Madeira\",\"isPartOf\":{\"@id\":\"https:\/\/madeiraskyrunning.com\/#website\"},\"datePublished\":\"2021-07-09T10:41:39+00:00\",\"dateModified\":\"2026-02-24T17:49:54+00:00\",\"description\":\"O Ultra Skyrunning Madeira \u00e9 um evento constitu\u00eddo por cinco provas, de onde se destaca a Madeira Sky Race que em 2016 atingiu o patamar m\u00e1ximo do Skyrunning mundial, integrando o Skyrunner\u00ae World Series da ISF \u2013 International Skyrunning Federation.\",\"breadcrumb\":{\"@id\":\"https:\/\/madeiraskyrunning.com\/#breadcrumb\"},\"inLanguage\":\"en-GB\",\"potentialAction\":[{\"@type\":\"ReadAction\",\"target\":[\"https:\/\/madeiraskyrunning.com\/\"]}]},{\"@type\":\"BreadcrumbList\",\"@id\":\"https:\/\/madeiraskyrunning.com\/#breadcrumb\",\"itemListElement\":[{\"@type\":\"ListItem\",\"position\":1,\"name\":\"In\u00edcio\",\"item\":\"https:\/\/madeiraskyrunning.com\/\"},{\"@type\":\"ListItem\",\"position\":2,\"name\":\"In\u00edcio\"}]},{\"@type\":\"WebSite\",\"@id\":\"https:\/\/madeiraskyrunning.com\/#website\",\"url\":\"https:\/\/madeiraskyrunning.com\/\",\"name\":\"USM\",\"description\":\"O USM \u00e9 um evento constitu\u00eddo por cinco provas, integrado no Skyrunner\u00ae World Series da ISF \u2013 International Skyrunning Federation.\",\"potentialAction\":[{\"@type\":\"SearchAction\",\"target\":{\"@type\":\"EntryPoint\",\"urlTemplate\":\"https:\/\/madeiraskyrunning.com\/?s={search_term_string}\"},\"query-input\":{\"@type\":\"PropertyValueSpecification\",\"valueRequired\":true,\"valueName\":\"search_term_string\"}}],\"inLanguage\":\"en-GB\"}]}<\/script>\n<!-- \/ Yoast SEO plugin. -->","yoast_head_json":{"title":"In\u00edcio - Ultra Skyrunning Madeira","description":"O Ultra Skyrunning Madeira \u00e9 um evento constitu\u00eddo por cinco provas, de onde se destaca a Madeira Sky Race que em 2016 atingiu o patamar m\u00e1ximo do Skyrunning mundial, integrando o Skyrunner\u00ae World Series da ISF \u2013 International Skyrunning Federation.","robots":{"index":"index","follow":"follow","max-snippet":"max-snippet:-1","max-image-preview":"max-image-preview:large","max-video-preview":"max-video-preview:-1"},"canonical":"https:\/\/madeiraskyrunning.com\/en\/","og_locale":"en_GB","og_type":"article","og_title":"In\u00edcio - Ultra Skyrunning Madeira","og_description":"O Ultra Skyrunning Madeira \u00e9 um evento constitu\u00eddo por cinco provas, de onde se destaca a Madeira Sky Race que em 2016 atingiu o patamar m\u00e1ximo do Skyrunning mundial, integrando o Skyrunner\u00ae World Series da ISF \u2013 International Skyrunning Federation.","og_url":"https:\/\/madeiraskyrunning.com\/en\/","og_site_name":"USM","article_modified_time":"2026-02-24T17:49:54+00:00","twitter_card":"summary_large_image","twitter_misc":{"Estimated reading time":"16 minutes"},"schema":{"@context":"https:\/\/schema.org","@graph":[{"@type":"WebPage","@id":"https:\/\/madeiraskyrunning.com\/","url":"https:\/\/madeiraskyrunning.com\/","name":"In\u00edcio - Ultra Skyrunning Madeira","isPartOf":{"@id":"https:\/\/madeiraskyrunning.com\/#website"},"datePublished":"2021-07-09T10:41:39+00:00","dateModified":"2026-02-24T17:49:54+00:00","description":"O Ultra Skyrunning Madeira \u00e9 um evento constitu\u00eddo por cinco provas, de onde se destaca a Madeira Sky Race que em 2016 atingiu o patamar m\u00e1ximo do Skyrunning mundial, integrando o Skyrunner\u00ae World Series da ISF \u2013 International Skyrunning Federation.","breadcrumb":{"@id":"https:\/\/madeiraskyrunning.com\/#breadcrumb"},"inLanguage":"en-GB","potentialAction":[{"@type":"ReadAction","target":["https:\/\/madeiraskyrunning.com\/"]}]},{"@type":"BreadcrumbList","@id":"https:\/\/madeiraskyrunning.com\/#breadcrumb","itemListElement":[{"@type":"ListItem","position":1,"name":"In\u00edcio","item":"https:\/\/madeiraskyrunning.com\/"},{"@type":"ListItem","position":2,"name":"In\u00edcio"}]},{"@type":"WebSite","@id":"https:\/\/madeiraskyrunning.com\/#website","url":"https:\/\/madeiraskyrunning.com\/","name":"USM","description":"O USM \u00e9 um evento constitu\u00eddo por cinco provas, integrado no Skyrunner\u00ae World Series da ISF \u2013 International Skyrunning Federation.","potentialAction":[{"@type":"SearchAction","target":{"@type":"EntryPoint","urlTemplate":"https:\/\/madeiraskyrunning.com\/?s={search_term_string}"},"query-input":{"@type":"PropertyValueSpecification","valueRequired":true,"valueName":"search_term_string"}}],"inLanguage":"en-GB"}]}},"meta_box":[],"_links":{"self":[{"href":"https:\/\/madeiraskyrunning.com\/en\/wp-json\/wp\/v2\/pages\/8","targetHints":{"allow":["GET"]}}],"collection":[{"href":"https:\/\/madeiraskyrunning.com\/en\/wp-json\/wp\/v2\/pages"}],"about":[{"href":"https:\/\/madeiraskyrunning.com\/en\/wp-json\/wp\/v2\/types\/page"}],"author":[{"embeddable":true,"href":"https:\/\/madeiraskyrunning.com\/en\/wp-json\/wp\/v2\/users\/2"}],"replies":[{"embeddable":true,"href":"https:\/\/madeiraskyrunning.com\/en\/wp-json\/wp\/v2\/comments?post=8"}],"version-history":[{"count":0,"href":"https:\/\/madeiraskyrunning.com\/en\/wp-json\/wp\/v2\/pages\/8\/revisions"}],"wp:attachment":[{"href":"https:\/\/madeiraskyrunning.com\/en\/wp-json\/wp\/v2\/media?parent=8"}],"curies":[{"name":"wp","href":"https:\/\/api.w.org\/{rel}","templated":true}]}}